{"id":5565,"date":"2025-12-16T13:32:19","date_gmt":"2025-12-16T10:32:19","guid":{"rendered":"https:\/\/www.dekagalvano.com\/?page_id=5565"},"modified":"2025-12-16T13:33:45","modified_gmt":"2025-12-16T10:33:45","slug":"o-nas-2","status":"publish","type":"page","link":"https:\/\/www.dekagalvano.com\/ru\/o-nas-2\/","title":{"rendered":"\u041e \u041d\u0430\u0441"},"content":{"rendered":"\t\t<div data-elementor-type=\"wp-page\" data-elementor-id=\"5565\" class=\"elementor elementor-5565 elementor-5563\" data-elementor-post-type=\"page\">\n\t\t\t\t<div class=\"elementor-element elementor-element-1bc25d0 e-flex e-con-boxed e-con e-parent\" data-id=\"1bc25d0\" data-element_type=\"container\">\n\t\t\t\t\t<div class=\"e-con-inner\">\n\t\t<div class=\"elementor-element elementor-element-b781108 e-flex e-con-boxed e-con e-child\" data-id=\"b781108\" data-element_type=\"container\">\n\t\t\t\t\t<div class=\"e-con-inner\">\n\t\t\t\t<div class=\"elementor-element elementor-element-41675d0 elementor-widget elementor-widget-heading\" data-id=\"41675d0\" data-element_type=\"widget\" data-widget_type=\"heading.default\">\n\t\t\t\t<div class=\"elementor-widget-container\">\n\t\t\t\t\t<h2 class=\"elementor-heading-title elementor-size-default\">Deka Galvano Technic<\/h2>\t\t\t\t<\/div>\n\t\t\t\t<\/div>\n\t\t\t\t<div class=\"elementor-element elementor-element-524ad40 elementor-widget elementor-widget-heading\" data-id=\"524ad40\" data-element_type=\"widget\" data-widget_type=\"heading.default\">\n\t\t\t\t<div class=\"elementor-widget-container\">\n\t\t\t\t\t<h2 class=\"elementor-heading-title elementor-size-default\">Hakk\u0131m\u0131zda<\/h2>\t\t\t\t<\/div>\n\t\t\t\t<\/div>\n\t\t\t\t\t<\/div>\n\t\t\t\t<\/div>\n\t\t\t\t\t<\/div>\n\t\t\t\t<\/div>\n\t\t<div class=\"elementor-element elementor-element-07ccdea e-flex e-con-boxed e-con e-parent\" data-id=\"07ccdea\" data-element_type=\"container\">\n\t\t\t\t\t<div class=\"e-con-inner\">\n\t\t<div class=\"elementor-element elementor-element-4ff6aff e-con-full e-flex e-con e-child\" data-id=\"4ff6aff\" data-element_type=\"container\">\n\t\t\t\t<div class=\"elementor-element elementor-element-9e904c4 elementor-widget elementor-widget-text-editor\" data-id=\"9e904c4\" data-element_type=\"widget\" data-widget_type=\"text-editor.default\">\n\t\t\t\t<div class=\"elementor-widget-container\">\n\t\t\t\t\t\t\t\t\t<p>30 y\u0131l\u0131 a\u015fk\u0131n bir s\u00fcredir, Deka GalvanoTeknik olarak metal y\u00fczey kaplama sekt\u00f6r\u00fcnde \u00f6nc\u00fc bir misyonla varl\u0131\u011f\u0131m\u0131z\u0131 s\u00fcrd\u00fcr\u00fcyoruz. Metalin G\u00fcvencesi ve Kalite Kaplama Sanat\u0131 ilkelerini benimseyerek, her ad\u0131mda m\u00fckemmelli\u011fi hedefledik ve sekt\u00f6rdeki deneyimimizi ad\u0131m ad\u0131m geli\u015ftirdik.<\/p>\n<p>1993 y\u0131l\u0131nda ba\u015flad\u0131\u011f\u0131m\u0131z bu yolculuk, elektro \u00e7inko kaplama prosesiyle ba\u015flad\u0131 ve zaman i\u00e7inde kazand\u0131\u011f\u0131m\u0131z derin bilgi ve tecr\u00fcbeyle \u015fekillendi. Her m\u00fc\u015fterimiz, her proje, bize yeni bir \u00f6\u011frenme ve geli\u015fme f\u0131rsat\u0131 sundu. Metal y\u00fczey kaplama alan\u0131nda liderlik iddiam\u0131z\u0131, 30 y\u0131ll\u0131k bu tecr\u00fcbeyle temellendirdik.<\/p>\n<p>Metalin G\u00fcvencesi prensibi, tam otomatik SIYAN\u00dcRS\u00dcZ alkali \u00e7inko kaplama hatlar\u0131m\u0131z\u0131n arkas\u0131nda yatan g\u00fcvencedir. 30 y\u0131l boyunca kazand\u0131\u011f\u0131m\u0131z deneyim, metal y\u00fczeylerin parlakl\u0131\u011f\u0131n\u0131 art\u0131rmak, dayan\u0131kl\u0131l\u0131\u011f\u0131n\u0131 sa\u011flamak ve estetikle fonksiyonelli\u011fi birle\u015ftirmek konusundaki uzmanl\u0131\u011f\u0131m\u0131z\u0131 peki\u015ftirdi.<\/p>\n<p>Kalite Kaplama Sanat\u0131, her projeye \u00f6zenle yakla\u015fman\u0131n ve metalin her y\u00fczeyinde estetik ile m\u00fckemmelli\u011fi bir araya getirmenin ad\u0131d\u0131r. 4 adet tam otomatik ask\u0131 hatt\u0131 ve 1 adet tam otomatik dolap hatt\u0131m\u0131z, bu sanat\u0131 en \u00fcst d\u00fczeyde ya\u015fatt\u0131\u011f\u0131m\u0131z\u0131n bir ifadesidir. 30 y\u0131ll\u0131k deneyimimizle, her projeyi bir sanat eseri gibi \u015fekillendiriyoruz.<\/p>\n<p>Deka GalvanoTeknik olarak, Metalin G\u00fcvencesi ve Kalite Kaplama Sanat\u0131 prensiplerimizi 30 y\u0131ll\u0131k tecr\u00fcbemizle birle\u015ftiriyoruz. Metal y\u00fczeylerdeki uzmanl\u0131\u011f\u0131m\u0131z\u0131, m\u00fc\u015fterilerimize g\u00fcvenilirlik ve estetikle sunmaya devam ediyoruz. Ge\u00e7mi\u015ften ald\u0131\u011f\u0131m\u0131z g\u00fc\u00e7le gelece\u011fi \u015fekillendiriyor, metal y\u00fczey kaplama alan\u0131nda liderli\u011fimizi s\u00fcrd\u00fcrmeyi hedefliyoruz.<\/p>\n<p>Sizleri de 30 y\u0131ll\u0131k tecr\u00fcbemizi deneyimlemeye ve metalin parlak d\u00fcnyas\u0131nda bizimle bulu\u015fmaya davet ediyoruz.<\/p>\n\t\t\t\t\t\t\t\t<\/div>\n\t\t\t\t<\/div>\n\t\t\t\t<\/div>\n\t\t<div class=\"elementor-element elementor-element-23af3ed e-con-full e-flex e-con e-child\" data-id=\"23af3ed\" data-element_type=\"container\">\n\t\t\t\t<div class=\"elementor-element elementor-element-3c44e69 elementor-widget elementor-widget-image\" data-id=\"3c44e69\" data-element_type=\"widget\" data-widget_type=\"image.default\">\n\t\t\t\t<div class=\"elementor-widget-container\">\n\t\t\t\t\t\t\t\t\t\t\t\t\t\t\t\t<a href=\"https:\/\/www.dekagalvano.com\/wp-content\/uploads\/2023\/09\/deka-galvano-slide-res-1.jpg\" data-elementor-open-lightbox=\"yes\" data-elementor-lightbox-title=\"\u00c7inko Nikel Kaplama Deka Galvano\" data-elementor-lightbox-description=\"\u00c7inko Nikel Kaplama Deka Galvano\" data-e-action-hash=\"#elementor-action%3Aaction%3Dlightbox%26settings%3DeyJpZCI6MzQzMCwidXJsIjoiaHR0cHM6XC9cL3d3dy5kZWthZ2FsdmFuby5jb21cL3dwLWNvbnRlbnRcL3VwbG9hZHNcLzIwMjNcLzA5XC9kZWthLWdhbHZhbm8tc2xpZGUtcmVzLTEuanBnIn0%3D\">\n\t\t\t\t\t\t\t<img fetchpriority=\"high\" decoding=\"async\" width=\"770\" height=\"650\" src=\"https:\/\/www.dekagalvano.com\/wp-content\/uploads\/2023\/09\/deka-galvano-slide-res-1-770x650.jpg\" class=\"attachment-tstk-img-770x650 size-tstk-img-770x650 wp-image-3430\" alt=\"\u00c7inko Nikel Kaplama Deka Galvano\" title=\"\">\t\t\t\t\t\t\t\t<\/a>\n\t\t\t\t\t\t\t\t\t\t\t\t\t\t\t<\/div>\n\t\t\t\t<\/div>\n\t\t\t\t<div class=\"elementor-element elementor-element-b137255 elementor-widget elementor-widget-image\" data-id=\"b137255\" data-element_type=\"widget\" data-widget_type=\"image.default\">\n\t\t\t\t<div class=\"elementor-widget-container\">\n\t\t\t\t\t\t\t\t\t\t\t\t\t\t\t\t<a href=\"https:\/\/www.dekagalvano.com\/wp-content\/uploads\/2023\/09\/9-scaled.jpg\" data-elementor-open-lightbox=\"yes\" data-elementor-lightbox-title=\"Boya Tesisi \u00dcretimi\" data-elementor-lightbox-description=\"Boya Tesisi \u00dcretimi\" data-e-action-hash=\"#elementor-action%3Aaction%3Dlightbox%26settings%3DeyJpZCI6MzQxNywidXJsIjoiaHR0cHM6XC9cL3d3dy5kZWthZ2FsdmFuby5jb21cL3dwLWNvbnRlbnRcL3VwbG9hZHNcLzIwMjNcLzA5XC85LXNjYWxlZC5qcGcifQ%3D%3D\">\n\t\t\t\t\t\t\t<img decoding=\"async\" width=\"770\" height=\"650\" src=\"https:\/\/www.dekagalvano.com\/wp-content\/uploads\/2023\/09\/9-scaled-770x650.jpg\" class=\"attachment-tstk-img-770x650 size-tstk-img-770x650 wp-image-3417\" alt=\"Boya Tesisi \u00dcretimi\" title=\"\">\t\t\t\t\t\t\t\t<\/a>\n\t\t\t\t\t\t\t\t\t\t\t\t\t\t\t<\/div>\n\t\t\t\t<\/div>\n\t\t\t\t<div class=\"elementor-element elementor-element-b02de32 elementor-widget elementor-widget-image\" data-id=\"b02de32\" data-element_type=\"widget\" data-widget_type=\"image.default\">\n\t\t\t\t<div class=\"elementor-widget-container\">\n\t\t\t\t\t\t\t\t\t\t\t\t\t\t\t\t<a href=\"https:\/\/www.dekagalvano.com\/wp-content\/uploads\/2020\/06\/capak_alma_parlatma.png\" data-elementor-open-lightbox=\"yes\" data-elementor-lightbox-title=\"Capak_Alma_Parlatma\" data-elementor-lightbox-description=\"Capak_Alma_Parlatma\" data-e-action-hash=\"#elementor-action%3Aaction%3Dlightbox%26settings%3DeyJpZCI6MzQ0MCwidXJsIjoiaHR0cHM6XC9cL3d3dy5kZWthZ2FsdmFuby5jb21cL3dwLWNvbnRlbnRcL3VwbG9hZHNcLzIwMjBcLzA2XC9jYXBha19hbG1hX3BhcmxhdG1hLnBuZyJ9\">\n\t\t\t\t\t\t\t<img decoding=\"async\" width=\"770\" height=\"650\" src=\"https:\/\/www.dekagalvano.com\/wp-content\/uploads\/2020\/06\/capak_alma_parlatma-770x650.png\" class=\"attachment-tstk-img-770x650 size-tstk-img-770x650 wp-image-3440\" alt=\"Capak_Alma_Parlatma\" title=\"\">\t\t\t\t\t\t\t\t<\/a>\n\t\t\t\t\t\t\t\t\t\t\t\t\t\t\t<\/div>\n\t\t\t\t<\/div>\n\t\t\t\t<\/div>\n\t\t\t\t\t<\/div>\n\t\t\t\t<\/div>\n\t\t\t\t<\/div>\n\t\t","protected":false},"excerpt":{"rendered":"<p>Deka Galvano Technic Hakk\u0131m\u0131zda 30 y\u0131l\u0131 a\u015fk\u0131n bir s\u00fcredir, Deka GalvanoTeknik olarak metal y\u00fczey kaplama sekt\u00f6r\u00fcnde \u00f6nc\u00fc bir misyonla varl\u0131\u011f\u0131m\u0131z\u0131 s\u00fcrd\u00fcr\u00fcyoruz. Metalin G\u00fcvencesi ve Kalite Kaplama Sanat\u0131 ilkelerini benimseyerek, her ad\u0131mda m\u00fckemmelli\u011fi hedefledik ve sekt\u00f6rdeki deneyimimizi ad\u0131m ad\u0131m geli\u015ftirdik. 1993 y\u0131l\u0131nda ba\u015flad\u0131\u011f\u0131m\u0131z bu yolculuk, elektro \u00e7inko kaplama prosesiyle ba\u015flad\u0131 ve zaman i\u00e7inde kazand\u0131\u011f\u0131m\u0131z derin bilgi ve tecr\u00fcbeyle \u015fekillendi. Her m\u00fc\u015fterimiz, her proje, bize yeni bir \u00f6\u011frenme ve geli\u015fme f\u0131rsat\u0131 sundu.[&hellip;]<\/p>\n","protected":false},"author":2,"featured_media":0,"parent":0,"menu_order":12,"comment_status":"closed","ping_status":"closed","template":"","meta":{"_acf_changed":false,"_joinchat":[],"footnotes":""},"class_list":["post-5565","page","type-page","status-publish","hentry"],"acf":[],"_links":{"self":[{"href":"https:\/\/www.dekagalvano.com\/ru\/wp-json\/wp\/v2\/pages\/5565","targetHints":{"allow":["GET"]}}],"collection":[{"href":"https:\/\/www.dekagalvano.com\/ru\/wp-json\/wp\/v2\/pages"}],"about":[{"href":"https:\/\/www.dekagalvano.com\/ru\/wp-json\/wp\/v2\/types\/page"}],"author":[{"embeddable":true,"href":"https:\/\/www.dekagalvano.com\/ru\/wp-json\/wp\/v2\/users\/2"}],"replies":[{"embeddable":true,"href":"https:\/\/www.dekagalvano.com\/ru\/wp-json\/wp\/v2\/comments?post=5565"}],"version-history":[{"count":2,"href":"https:\/\/www.dekagalvano.com\/ru\/wp-json\/wp\/v2\/pages\/5565\/revisions"}],"predecessor-version":[{"id":5569,"href":"https:\/\/www.dekagalvano.com\/ru\/wp-json\/wp\/v2\/pages\/5565\/revisions\/5569"}],"wp:attachment":[{"href":"https:\/\/www.dekagalvano.com\/ru\/wp-json\/wp\/v2\/media?parent=5565"}],"curies":[{"name":"wp","href":"https:\/\/api.w.org\/{rel}","templated":true}]}}