{"id":5674,"date":"2025-12-18T10:08:19","date_gmt":"2025-12-18T07:08:19","guid":{"rendered":"https:\/\/www.dekagalvano.com\/?page_id=5674"},"modified":"2025-12-18T10:11:35","modified_gmt":"2025-12-18T07:11:35","slug":"get-a-quote-2","status":"publish","type":"page","link":"https:\/\/www.dekagalvano.com\/en\/get-a-quote-2\/","title":{"rendered":"Get a Quote"},"content":{"rendered":"\t\t<div data-elementor-type=\"wp-page\" data-elementor-id=\"5674\" class=\"elementor elementor-5674 elementor-5673\" data-elementor-post-type=\"page\">\n\t\t\t\t<div class=\"elementor-element elementor-element-27beea9 e-flex e-con-boxed e-con e-parent\" data-id=\"27beea9\" data-element_type=\"container\" data-settings=\"{&quot;background_background&quot;:&quot;classic&quot;}\">\n\t\t\t\t\t<div class=\"e-con-inner\">\n\t\t\t\t<div class=\"elementor-element elementor-element-b78b9a5 elementor-widget elementor-widget-heading\" data-id=\"b78b9a5\" data-element_type=\"widget\" data-widget_type=\"heading.default\">\n\t\t\t\t<div class=\"elementor-widget-container\">\n\t\t\t\t\t<h2 class=\"elementor-heading-title elementor-size-default\">Deka Galvano Technic<\/h2>\t\t\t\t<\/div>\n\t\t\t\t<\/div>\n\t\t\t\t<div class=\"elementor-element elementor-element-4e3be11 elementor-widget elementor-widget-heading\" data-id=\"4e3be11\" data-element_type=\"widget\" data-widget_type=\"heading.default\">\n\t\t\t\t<div class=\"elementor-widget-container\">\n\t\t\t\t\t<h2 class=\"elementor-heading-title elementor-size-default\">Teklif Al\u0131n<\/h2>\t\t\t\t<\/div>\n\t\t\t\t<\/div>\n\t\t\t\t<div class=\"elementor-element elementor-element-30389e1 elementor-widget elementor-widget-text-editor\" data-id=\"30389e1\" data-element_type=\"widget\" data-widget_type=\"text-editor.default\">\n\t\t\t\t<div class=\"elementor-widget-container\">\n\t\t\t\t\t\t\t\t\t<p>Kalitenin ve esteti\u011fin \u00f6nemli oldu\u011fu her alanda oldu\u011fu gibi, metal i\u015flem ve kaplamalar\u0131nda da do\u011fru tercih yapmak vazge\u00e7ilmezdir. <strong>Deka Galvano<\/strong> olarak, metalinizi en iyi \u015fekilde i\u015fleyerek parlatmak i\u00e7in buraday\u0131z. \u0130\u015fimizi titizlikle ve profesyonellikle ger\u00e7ekle\u015ftirirken, m\u00fc\u015fteri memnuniyetini daima \u00f6nceli\u011fimiz haline getiriyoruz.<\/p>\n<p>Siz de metal \u00fcr\u00fcnlerinizin par\u0131lt\u0131s\u0131n\u0131 ve kalitesini art\u0131rmak isterseniz, bize bir ad\u0131m at\u0131n. Teklif formumuzu doldurarak size \u00f6zel \u00e7\u00f6z\u00fcmlerimizden yararlan\u0131n. \u00dcr\u00fcnlerinizi bize teslim etmek, en iyi i\u015f\u00e7ili\u011fi ve deneyimi elde etmek demektir. \u015eimdi harekete ge\u00e7in ve \u00fcr\u00fcnlerinizi bize emanet ederek fark\u0131 ya\u015fay\u0131n!<\/p>\n<p>Teklif Formunu Doldurun ve sizin i\u00e7in nas\u0131l bir fark yaratabilece\u011fimizi g\u00f6rmekten mutluluk duyal\u0131m.<\/p>\n\t\t\t\t\t\t\t\t<\/div>\n\t\t\t\t<\/div>\n\t\t\t\t<div class=\"elementor-element elementor-element-eb5ea74 elementor-widget elementor-widget-shortcode\" data-id=\"eb5ea74\" data-element_type=\"widget\" data-widget_type=\"shortcode.default\">\n\t\t\t\t<div class=\"elementor-widget-container\">\n\t\t\t\t\t\t\t<div class=\"elementor-shortcode\"><div class=\"forminator-ui forminator-custom-form forminator-custom-form-1184 forminator-design--flat forminator-enclosed forminator_ajax\" data-forminator-render=\"0\" data-form=\"forminator-module-1184\" data-uid=\"69e5fc1381de6\"><br\/><\/div><form\n\t\t\t\tid=\"forminator-module-1184\"\n\t\t\t\tclass=\"forminator-ui forminator-custom-form forminator-custom-form-1184 forminator-design--flat forminator-enclosed forminator_ajax\"\n\t\t\t\tmethod=\"post\"\n\t\t\t\tdata-forminator-render=\"0\"\n\t\t\t\tdata-form-id=\"1184\"\n\t\t\t\tenctype=\"multipart\/form-data\" data-color-option=\"theme\" data-design=\"flat\" data-grid=\"enclosed\" style=\"display: none;\"\n\t\t\t\tdata-uid=\"69e5fc1381de6\"\n\t\t\t><div role=\"alert\" aria-live=\"polite\" class=\"forminator-response-message forminator-error\" aria-hidden=\"true\"><\/div><div class=\"forminator-row\"><div id=\"text-1\" class=\"forminator-field-text forminator-col forminator-col-4 \"><div class=\"forminator-field\"><label for=\"forminator-field-text-1_69e5fc1381de6\" id=\"forminator-field-text-1_69e5fc1381de6-label\" class=\"forminator-label\">Ad Soyad <span class=\"forminator-required\">*<\/span><\/label><input type=\"text\" name=\"text-1\" value=\"\" placeholder=\"Ad\u0131n\u0131z Soyad\u0131n\u0131z:\" id=\"forminator-field-text-1_69e5fc1381de6\" class=\"forminator-input forminator-name--field\" data-required=\"1\" \/><\/div><\/div><div id=\"phone-1\" class=\"forminator-field-phone forminator-col forminator-col-4 \"><div class=\"forminator-field\"><label for=\"forminator-field-phone-1_69e5fc1381de6\" id=\"forminator-field-phone-1_69e5fc1381de6-label\" class=\"forminator-label\">Telefon <span class=\"forminator-required\">*<\/span><\/label><input type=\"text\" name=\"phone-1\" value=\"\" placeholder=\"Telefon Numaran\u0131z:\" id=\"forminator-field-phone-1_69e5fc1381de6\" class=\"forminator-input forminator-field--phone\" data-required=\"1\" aria-required=\"true\" autocomplete=\"off\" data-validation=\"1\" \/><\/div><\/div><div id=\"email-1\" class=\"forminator-field-email forminator-col forminator-col-4 \"><div class=\"forminator-field\"><label for=\"forminator-field-email-1_69e5fc1381de6\" id=\"forminator-field-email-1_69e5fc1381de6-label\" class=\"forminator-label\">E-Mail <span class=\"forminator-required\">*<\/span><\/label><input type=\"email\" name=\"email-1\" value=\"\" placeholder=\"E-Mail Adresiniz:\" id=\"forminator-field-email-1_69e5fc1381de6\" class=\"forminator-input forminator-email--field\" data-required=\"true\" aria-required=\"true\" autocomplete=\"email\" \/><\/div><\/div><\/div><div class=\"forminator-row\"><div id=\"text-2\" class=\"forminator-field-text forminator-col forminator-col-6 \"><div class=\"forminator-field\"><label for=\"forminator-field-text-2_69e5fc1381de6\" id=\"forminator-field-text-2_69e5fc1381de6-label\" class=\"forminator-label\">Firma<\/label><input type=\"text\" name=\"text-2\" value=\"\" placeholder=\"Firma Ad\u0131:\" id=\"forminator-field-text-2_69e5fc1381de6\" class=\"forminator-input forminator-name--field\" data-required=\"\" \/><\/div><\/div><div id=\"text-3\" class=\"forminator-field-text forminator-col forminator-col-6 \"><div class=\"forminator-field\"><label for=\"forminator-field-text-3_69e5fc1381de6\" id=\"forminator-field-text-3_69e5fc1381de6-label\" class=\"forminator-label\">Firma Web<\/label><input type=\"text\" name=\"text-3\" value=\"\" placeholder=\"Firma Web Sitesi:\" id=\"forminator-field-text-3_69e5fc1381de6\" class=\"forminator-input forminator-name--field\" data-required=\"\" \/><\/div><\/div><\/div><div class=\"forminator-row\"><div id=\"text-4\" class=\"forminator-field-text forminator-col forminator-col-12 \"><div class=\"forminator-field\"><label for=\"forminator-field-text-4_69e5fc1381de6\" id=\"forminator-field-text-4_69e5fc1381de6-label\" class=\"forminator-label\">Par\u00e7a Malzemesi Nedir?<\/label><input type=\"text\" name=\"text-4\" value=\"\" placeholder=\"Par\u00e7a Malzemesi Nedir?\" id=\"forminator-field-text-4_69e5fc1381de6\" class=\"forminator-input forminator-name--field\" data-required=\"\" \/><\/div><\/div><\/div><div class=\"forminator-row\"><div id=\"text-5\" class=\"forminator-field-text forminator-col forminator-col-12 \"><div class=\"forminator-field\"><label for=\"forminator-field-text-5_69e5fc1381de6\" id=\"forminator-field-text-5_69e5fc1381de6-label\" class=\"forminator-label\">Par\u00e7a Boyutlar\u0131 (maksimum L x W x H) Yakla\u015f\u0131k Nedir?<\/label><input type=\"text\" name=\"text-5\" value=\"\" placeholder=\"Par\u00e7a Boyutlar\u0131 (maksimum L x W x H) Yakla\u015f\u0131k Nedir?\" id=\"forminator-field-text-5_69e5fc1381de6\" class=\"forminator-input forminator-name--field\" data-required=\"\" \/><\/div><\/div><\/div><div class=\"forminator-row\"><div id=\"text-6\" class=\"forminator-field-text forminator-col forminator-col-12 \"><div class=\"forminator-field\"><label for=\"forminator-field-text-6_69e5fc1381de6\" id=\"forminator-field-text-6_69e5fc1381de6-label\" class=\"forminator-label\">Y\u0131ll\u0131k Tahmini Par\u00e7a Adedi?<\/label><input type=\"text\" name=\"text-6\" value=\"\" placeholder=\"Y\u0131ll\u0131k Tahmini Par\u00e7a Adedi?\" id=\"forminator-field-text-6_69e5fc1381de6\" class=\"forminator-input forminator-name--field\" data-required=\"\" \/><\/div><\/div><\/div><div class=\"forminator-row\"><div id=\"text-7\" class=\"forminator-field-text forminator-col forminator-col-12 \"><div class=\"forminator-field\"><label for=\"forminator-field-text-7_69e5fc1381de6\" id=\"forminator-field-text-7_69e5fc1381de6-label\" class=\"forminator-label\">Aranan Korozyon Direnci (Tuz Testi Saati)?<\/label><input type=\"text\" name=\"text-7\" value=\"\" placeholder=\"Aranan Korozyon Direnci (Tuz Testi Saati)?\" id=\"forminator-field-text-7_69e5fc1381de6\" class=\"forminator-input forminator-name--field\" data-required=\"\" \/><\/div><\/div><\/div><div class=\"forminator-row\"><div id=\"select-1\" class=\"forminator-field-select forminator-col forminator-col-12 \"><div class=\"forminator-field\"><label for=\"forminator-form-1184__field--select-1_69e5fc1381de6\" id=\"forminator-form-1184__field--select-1_69e5fc1381de6-label\" class=\"forminator-label\">Sekt\u00f6r\u00fcn\u00fcz<\/label><select  id=\"forminator-form-1184__field--select-1_69e5fc1381de6\" class=\"forminator-select--field forminator-select2 forminator-select2-multiple\" data-required=\"\" name=\"select-1\" data-default-value=\"\" data-hidden-behavior=\"zero\" data-placeholder=\"Sekt\u00f6r\u00fcn\u00fcz\" data-search=\"false\" data-search-placeholder=\"Sekt\u00f6r\u00fcn\u00fcz\" data-checkbox=\"false\" data-allow-clear=\"false\" aria-labelledby=\"forminator-form-1184__field--select-1_69e5fc1381de6-label\"><option value=\"\"  >Sekt\u00f6r\u00fcn\u00fcz<\/option><option value=\"one\"  data-calculation=\"0\">Otomotiv<\/option><option value=\"two\"  data-calculation=\"0\">Beyaz E\u015fya<\/option><option value=\"Di\u011fer\"  data-calculation=\"0\">Di\u011fer<\/option><\/select><\/div><\/div><\/div><div class=\"forminator-row\"><div id=\"upload-1\" class=\"forminator-field-upload forminator-col forminator-col-12 \"><div class=\"forminator-field\"><label for=\"forminator-field-upload-1_69e5fc1381de6\" id=\"forminator-field-upload-1_69e5fc1381de6-label\" class=\"forminator-label\">Resim Y\u00fckle<\/label><div class=\"forminator-multi-upload \" data-element=\"upload-1_69e5fc1381de6\" aria-describedby=\"forminator-field-upload-1_69e5fc1381de6-description\"><input type=\"file\" name=\"upload-1[]\" id=\"forminator-field-upload-1_69e5fc1381de6\" class=\"forminator-input-file forminator-field-upload-1_69e5fc1381de6-1184\" multiple=\"multiple\" data-method=\"ajax\" accept=\".jpg,.jpeg,.jpe,.gif,.png,.bmp,.tiff,.tif,.webp,.ico,.heic,.txt,.asc,.c,.cc,.h,.srt,.csv,.tsv,.ics,.rtx,.vtt,.rtf,.pdf,.class,.tar,.zip,.gz,.gzip,.7z,.psd,.xcf,.doc,.pot,.pps,.ppt,.wri,.xla,.xls,.xlt,.xlw,.mdb,.mpp,.docx,.docm,.dotx,.dotm,.xlsx,.xlsm,.xlsb,.xltx,.xltm,.xlam,.pptx,.pptm,.ppsx,.ppsm,.potx,.potm,.ppam,.sldx,.sldm,.onetoc,.onetoc2,.onetmp,.onepkg,.oxps,.xps,.odt,.odp,.ods,.odg,.odc,.odb,.odf,.wp,.wpd,.key,.numbers,.pages\" data-size=\"100000000\" data-size-message=\"Maximum file size allowed is 100 MB. \" data-filetype=\"jpg|jpeg|jpe|gif|png|bmp|tiff|tif|webp|ico|heic|txt|asc|c|cc|h|srt|csv|tsv|ics|rtx|vtt|rtf|pdf|class|tar|zip|gz|gzip|7z|psd|xcf|doc|pot|pps|ppt|wri|xla|xls|xlt|xlw|mdb|mpp|docx|docm|dotx|dotm|xlsx|xlsm|xlsb|xltx|xltm|xlam|pptx|pptm|ppsx|ppsm|potx|potm|ppam|sldx|sldm|onetoc|onetoc2|onetmp|onepkg|oxps|xps|odt|odp|ods|odg|odc|odb|odf|wp|wpd|key|numbers|pages\" data-filetype-message=\"file extension is not allowed.\"><div class=\"forminator-multi-upload-message\" aria-hidden=\"true\"><span class=\"forminator-icon-upload\" aria-hidden=\"true\"><\/span><p>Drag and Drop (or) <a class=\"forminator-upload-file--forminator-field-upload-1_69e5fc1381de6\" href=\"#\" onclick=\"return false;\">Choose Files<\/a><\/p><\/div><\/div><span id=\"forminator-field-upload-1_69e5fc1381de6-description\" class=\"forminator-description\">\u0130\u015flem yap\u0131lacak \u00fcr\u00fcnlerinizin resimlerini buradan se\u00e7in ve y\u00fcklenmesini bekleyin.<\/span><ul class=\"forminator-uploaded-files upload-container-upload-1_69e5fc1381de6\"><\/ul><\/div><\/div><\/div><div class=\"forminator-row\"><div id=\"textarea-1\" class=\"forminator-field-textarea forminator-col forminator-col-12 \"><div class=\"forminator-field\"><label for=\"forminator-field-textarea-1_69e5fc1381de6\" id=\"forminator-field-textarea-1_69e5fc1381de6-label\" class=\"forminator-label\">Mesaj<\/label><textarea name=\"textarea-1\" placeholder=\"Mesaj\u0131n\u0131z\" id=\"forminator-field-textarea-1_69e5fc1381de6\" class=\"forminator-textarea\" rows=\"6\" style=\"min-height:100px;\" ><\/textarea><\/div><\/div><\/div><div class=\"forminator-row\"><div id=\"captcha-1\" class=\"forminator-field-captcha forminator-col forminator-col-12 \"><div class=\"forminator-captcha-left forminator-g-recaptcha\" data-theme=\"light\"  data-sitekey=\"6LeFTRUpAAAAAKbZlJFElO5JKytNZZq-2DDUO06W\" data-size=\"normal\"><\/div> <\/div><\/div><input type=\"hidden\" name=\"referer_url\" value=\"\" \/><div class=\"forminator-row forminator-row-last\"><div class=\"forminator-col\"><div class=\"forminator-field\"><button class=\"forminator-button forminator-button-submit\">G&ouml;nder<\/button><\/div><\/div><\/div><input type=\"hidden\" id=\"forminator_nonce\" name=\"forminator_nonce\" value=\"db7fb8292b\" \/><input type=\"hidden\" name=\"_wp_http_referer\" value=\"\/en\/wp-json\/wp\/v2\/pages\/5674\" \/><input type=\"hidden\" name=\"form_id\" value=\"1184\"><input type=\"hidden\" name=\"page_id\" value=\"5674\"><input type=\"hidden\" name=\"form_type\" value=\"default\"><input type=\"hidden\" name=\"current_url\" value=\"https:\/\/www.dekagalvano.com\/en\/get-a-quote-2\/\"><input type=\"hidden\" name=\"render_id\" value=\"0\"><input type=\"hidden\" name=\"forminator-multifile-hidden\" class=\"forminator-multifile-hidden\"><input type=\"hidden\" name=\"action\" value=\"forminator_submit_form_custom-forms\"><\/form> <\/div>\n\t\t\t\t\t\t<\/div>\n\t\t\t\t<\/div>\n\t\t\t\t\t<\/div>\n\t\t\t\t<\/div>\n\t\t\t\t<\/div>\n\t\t","protected":false},"excerpt":{"rendered":"<p>Deka Galvano Technic Teklif Al\u0131n Kalitenin ve esteti\u011fin \u00f6nemli oldu\u011fu her alanda oldu\u011fu gibi, metal i\u015flem ve kaplamalar\u0131nda da do\u011fru tercih yapmak vazge\u00e7ilmezdir. Deka Galvano olarak, metalinizi en iyi \u015fekilde i\u015fleyerek parlatmak i\u00e7in buraday\u0131z. \u0130\u015fimizi titizlikle ve profesyonellikle ger\u00e7ekle\u015ftirirken, m\u00fc\u015fteri memnuniyetini daima \u00f6nceli\u011fimiz haline getiriyoruz. Siz de metal \u00fcr\u00fcnlerinizin par\u0131lt\u0131s\u0131n\u0131 ve kalitesini art\u0131rmak isterseniz, bize bir ad\u0131m at\u0131n. Teklif formumuzu doldurarak size \u00f6zel \u00e7\u00f6z\u00fcmlerimizden yararlan\u0131n. \u00dcr\u00fcnlerinizi bize teslim etmek, en[&hellip;]<\/p>\n","protected":false},"author":2,"featured_media":0,"parent":0,"menu_order":2,"comment_status":"closed","ping_status":"closed","template":"","meta":{"_acf_changed":false,"_joinchat":[],"footnotes":""},"class_list":["post-5674","page","type-page","status-publish","hentry"],"acf":[],"_links":{"self":[{"href":"https:\/\/www.dekagalvano.com\/en\/wp-json\/wp\/v2\/pages\/5674","targetHints":{"allow":["GET"]}}],"collection":[{"href":"https:\/\/www.dekagalvano.com\/en\/wp-json\/wp\/v2\/pages"}],"about":[{"href":"https:\/\/www.dekagalvano.com\/en\/wp-json\/wp\/v2\/types\/page"}],"author":[{"embeddable":true,"href":"https:\/\/www.dekagalvano.com\/en\/wp-json\/wp\/v2\/users\/2"}],"replies":[{"embeddable":true,"href":"https:\/\/www.dekagalvano.com\/en\/wp-json\/wp\/v2\/comments?post=5674"}],"version-history":[{"count":2,"href":"https:\/\/www.dekagalvano.com\/en\/wp-json\/wp\/v2\/pages\/5674\/revisions"}],"predecessor-version":[{"id":5678,"href":"https:\/\/www.dekagalvano.com\/en\/wp-json\/wp\/v2\/pages\/5674\/revisions\/5678"}],"wp:attachment":[{"href":"https:\/\/www.dekagalvano.com\/en\/wp-json\/wp\/v2\/media?parent=5674"}],"curies":[{"name":"wp","href":"https:\/\/api.w.org\/{rel}","templated":true}]}}