{"id":4013,"date":"2023-08-14T14:02:46","date_gmt":"2023-08-14T11:02:46","guid":{"rendered":"https:\/\/www.dekagalvano.com\/makina-parkurumuz\/"},"modified":"2023-10-09T15:20:02","modified_gmt":"2023-10-09T12:20:02","slug":"our-machinery","status":"publish","type":"page","link":"https:\/\/www.dekagalvano.com\/en\/our-machinery\/","title":{"rendered":"Our Machinery"},"content":{"rendered":"\t\t<div data-elementor-type=\"wp-page\" data-elementor-id=\"4013\" class=\"elementor elementor-4013 elementor-350\" data-elementor-post-type=\"page\">\n\t\t\t\t<div class=\"elementor-element elementor-element-0f6865f e-flex e-con-boxed e-con e-parent\" data-id=\"0f6865f\" data-element_type=\"container\">\n\t\t\t\t\t<div class=\"e-con-inner\">\n\t\t<div class=\"elementor-element elementor-element-d878314 e-flex e-con-boxed e-con e-child\" data-id=\"d878314\" data-element_type=\"container\">\n\t\t\t\t\t<div class=\"e-con-inner\">\n\t\t\t\t<div class=\"elementor-element elementor-element-eefc867 elementor-widget elementor-widget-tstk_icon_heading\" data-id=\"eefc867\" data-element_type=\"widget\" data-widget_type=\"tstk_icon_heading.default\">\n\t\t\t\t<div class=\"elementor-widget-container\">\n\t\t\t\t\t<div class=\"tstk-ihbox tstk-ihbox-style-14\"><div class=\"tstk-ihbox-box\">\r\n\t<div class=\"tstk-ihbox-headingicon\">\r\n\t\t<div class=\"tstk-ihbox-icon\"><div class=\"tstk-ihbox-icon-wrapper\"><i class=\"\"><\/i><\/div><\/div>\t\t\t\t<\/div>\r\n\t\t<div class=\"tstk-ihbox-contents\">\r\n\t\t\t\t\t\t<h2 class=\"tstk-element-title\">\r\n\t\t\t\t\t\r\n\t\t\t\t\t\tOur Machinery\r\n\t\t\t\t\t\r\n\t\t\t\t\t<\/h2>\r\n\t\t\t\t\t\t\t\r\n\t\t\t\t\t\t\t\t<\/div><!-- .tstk-ihbox-contents -->\r\n<\/div>\r\n<\/div>\t\t\t\t<\/div>\n\t\t\t\t<\/div>\n\t\t\t\t<div class=\"elementor-element elementor-element-3eea028 elementor-widget elementor-widget-gallery\" data-id=\"3eea028\" data-element_type=\"widget\" data-settings=\"{&quot;columns&quot;:3,&quot;aspect_ratio&quot;:&quot;4:3&quot;,&quot;gap&quot;:{&quot;unit&quot;:&quot;px&quot;,&quot;size&quot;:15,&quot;sizes&quot;:[]},&quot;lazyload&quot;:&quot;yes&quot;,&quot;gallery_layout&quot;:&quot;grid&quot;,&quot;columns_tablet&quot;:2,&quot;columns_mobile&quot;:1,&quot;gap_tablet&quot;:{&quot;unit&quot;:&quot;px&quot;,&quot;size&quot;:10,&quot;sizes&quot;:[]},&quot;gap_mobile&quot;:{&quot;unit&quot;:&quot;px&quot;,&quot;size&quot;:10,&quot;sizes&quot;:[]},&quot;link_to&quot;:&quot;file&quot;,&quot;overlay_background&quot;:&quot;yes&quot;,&quot;content_hover_animation&quot;:&quot;fade-in&quot;}\" data-widget_type=\"gallery.default\">\n\t\t\t\t<div class=\"elementor-widget-container\">\n\t\t\t\t\t\t\t<div class=\"elementor-gallery__container\">\n\t\t\t\t\t\t\t<a class=\"e-gallery-item elementor-gallery-item elementor-animated-content\" href=\"https:\/\/www.dekagalvano.com\/wp-content\/uploads\/2023\/09\/9-scaled.jpg\" data-elementor-open-lightbox=\"yes\" data-elementor-lightbox-slideshow=\"3eea028\" data-elementor-lightbox-title=\"Boya Tesisi \u00dcretimi\" data-elementor-lightbox-description=\"Boya Tesisi \u00dcretimi\" data-e-action-hash=\"#elementor-action%3Aaction%3Dlightbox%26settings%3DeyJpZCI6MzQxNywidXJsIjoiaHR0cHM6XC9cL3d3dy5kZWthZ2FsdmFuby5jb21cL3dwLWNvbnRlbnRcL3VwbG9hZHNcLzIwMjNcLzA5XC85LXNjYWxlZC5qcGciLCJzbGlkZXNob3ciOiIzZWVhMDI4In0%3D\">\n\t\t\t\t\t<div class=\"e-gallery-image elementor-gallery-item__image\" data-thumbnail=\"https:\/\/www.dekagalvano.com\/wp-content\/uploads\/2023\/09\/9-scaled-600x700.jpg\" data-width=\"600\" data-height=\"700\" aria-label=\"Boya Tesisi \u00dcretimi\" role=\"img\" ><\/div>\n\t\t\t\t\t\t\t\t\t\t\t<div class=\"elementor-gallery-item__overlay\"><\/div>\n\t\t\t\t\t\t\t\t\t\t\t\t\t\t<\/a>\n\t\t\t\t\t\t\t<a class=\"e-gallery-item elementor-gallery-item elementor-animated-content\" href=\"https:\/\/www.dekagalvano.com\/wp-content\/uploads\/2023\/09\/6-scaled.jpg\" data-elementor-open-lightbox=\"yes\" data-elementor-lightbox-slideshow=\"3eea028\" data-elementor-lightbox-title=\"\u00c7inko Kaplama Nas\u0131l Yap\u0131l\u0131r?\" data-elementor-lightbox-description=\"\u00c7inko Kaplama Nas\u0131l Yap\u0131l\u0131r?\" data-e-action-hash=\"#elementor-action%3Aaction%3Dlightbox%26settings%3DeyJpZCI6MzQxNiwidXJsIjoiaHR0cHM6XC9cL3d3dy5kZWthZ2FsdmFuby5jb21cL3dwLWNvbnRlbnRcL3VwbG9hZHNcLzIwMjNcLzA5XC82LXNjYWxlZC5qcGciLCJzbGlkZXNob3ciOiIzZWVhMDI4In0%3D\">\n\t\t\t\t\t<div class=\"e-gallery-image elementor-gallery-item__image\" data-thumbnail=\"https:\/\/www.dekagalvano.com\/wp-content\/uploads\/2023\/09\/6-scaled-600x700.jpg\" data-width=\"600\" data-height=\"700\" aria-label=\"\u00c7inko Kaplama Nas\u0131l Yap\u0131l\u0131r?\" role=\"img\" ><\/div>\n\t\t\t\t\t\t\t\t\t\t\t<div class=\"elementor-gallery-item__overlay\"><\/div>\n\t\t\t\t\t\t\t\t\t\t\t\t\t\t<\/a>\n\t\t\t\t\t\t\t<a class=\"e-gallery-item elementor-gallery-item elementor-animated-content\" href=\"https:\/\/www.dekagalvano.com\/wp-content\/uploads\/2020\/06\/hidrojen_gevrekligi_alma_prosesi.png\" data-elementor-open-lightbox=\"yes\" data-elementor-lightbox-slideshow=\"3eea028\" data-elementor-lightbox-title=\"Y\u00fczey \u0130\u015flem Makinalar\u0131\" data-elementor-lightbox-description=\"Y\u00fczey \u0130\u015flem Makinalar\u0131\" data-e-action-hash=\"#elementor-action%3Aaction%3Dlightbox%26settings%3DeyJpZCI6MzQ0MSwidXJsIjoiaHR0cHM6XC9cL3d3dy5kZWthZ2FsdmFuby5jb21cL3dwLWNvbnRlbnRcL3VwbG9hZHNcLzIwMjBcLzA2XC9oaWRyb2plbl9nZXZyZWtsaWdpX2FsbWFfcHJvc2VzaS5wbmciLCJzbGlkZXNob3ciOiIzZWVhMDI4In0%3D\">\n\t\t\t\t\t<div class=\"e-gallery-image elementor-gallery-item__image\" data-thumbnail=\"https:\/\/www.dekagalvano.com\/wp-content\/uploads\/2020\/06\/hidrojen_gevrekligi_alma_prosesi-600x700.png\" data-width=\"600\" data-height=\"700\" aria-label=\"Y\u00fczey \u0130\u015flem Makinalar\u0131\" role=\"img\" ><\/div>\n\t\t\t\t\t\t\t\t\t\t\t<div class=\"elementor-gallery-item__overlay\"><\/div>\n\t\t\t\t\t\t\t\t\t\t\t\t\t\t<\/a>\n\t\t\t\t\t\t\t<a class=\"e-gallery-item elementor-gallery-item elementor-animated-content\" href=\"https:\/\/www.dekagalvano.com\/wp-content\/uploads\/2020\/06\/nikel_kaplama.png\" data-elementor-open-lightbox=\"yes\" data-elementor-lightbox-slideshow=\"3eea028\" data-elementor-lightbox-title=\"\u00c7inko Nikel Kaplama\" data-elementor-lightbox-description=\"\u00c7inko Nikel Kaplama\" data-e-action-hash=\"#elementor-action%3Aaction%3Dlightbox%26settings%3DeyJpZCI6MzQzNiwidXJsIjoiaHR0cHM6XC9cL3d3dy5kZWthZ2FsdmFuby5jb21cL3dwLWNvbnRlbnRcL3VwbG9hZHNcLzIwMjBcLzA2XC9uaWtlbF9rYXBsYW1hLnBuZyIsInNsaWRlc2hvdyI6IjNlZWEwMjgifQ%3D%3D\">\n\t\t\t\t\t<div class=\"e-gallery-image elementor-gallery-item__image\" data-thumbnail=\"https:\/\/www.dekagalvano.com\/wp-content\/uploads\/2020\/06\/nikel_kaplama-600x700.png\" data-width=\"600\" data-height=\"700\" aria-label=\"\u00c7inko Nikel Kaplama\" role=\"img\" ><\/div>\n\t\t\t\t\t\t\t\t\t\t\t<div class=\"elementor-gallery-item__overlay\"><\/div>\n\t\t\t\t\t\t\t\t\t\t\t\t\t\t<\/a>\n\t\t\t\t\t\t\t<a class=\"e-gallery-item elementor-gallery-item elementor-animated-content\" href=\"https:\/\/www.dekagalvano.com\/wp-content\/uploads\/2023\/09\/kaplama_proses.png\" data-elementor-open-lightbox=\"yes\" data-elementor-lightbox-slideshow=\"3eea028\" data-elementor-lightbox-title=\"\u00c7inko Nikel Kaplama\" data-elementor-lightbox-description=\"\u00c7inko Nikel Kaplama\" data-e-action-hash=\"#elementor-action%3Aaction%3Dlightbox%26settings%3DeyJpZCI6MzQ0NSwidXJsIjoiaHR0cHM6XC9cL3d3dy5kZWthZ2FsdmFuby5jb21cL3dwLWNvbnRlbnRcL3VwbG9hZHNcLzIwMjNcLzA5XC9rYXBsYW1hX3Byb3Nlcy5wbmciLCJzbGlkZXNob3ciOiIzZWVhMDI4In0%3D\">\n\t\t\t\t\t<div class=\"e-gallery-image elementor-gallery-item__image\" data-thumbnail=\"https:\/\/www.dekagalvano.com\/wp-content\/uploads\/2023\/09\/kaplama_proses-600x700.png\" data-width=\"600\" data-height=\"700\" aria-label=\"\u00c7inko Nikel Kaplama\" role=\"img\" ><\/div>\n\t\t\t\t\t\t\t\t\t\t\t<div class=\"elementor-gallery-item__overlay\"><\/div>\n\t\t\t\t\t\t\t\t\t\t\t\t\t\t<\/a>\n\t\t\t\t\t\t\t<a class=\"e-gallery-item elementor-gallery-item elementor-animated-content\" href=\"https:\/\/www.dekagalvano.com\/wp-content\/uploads\/2023\/09\/22-scaled.jpg\" data-elementor-open-lightbox=\"yes\" data-elementor-lightbox-slideshow=\"3eea028\" data-elementor-lightbox-title=\"\u00c7inko Nikel Kaplama Avantajlar\u0131 Nelerdir?\" data-elementor-lightbox-description=\"\u00c7inko Nikel Kaplama Avantajlar\u0131 Nelerdir?\" data-e-action-hash=\"#elementor-action%3Aaction%3Dlightbox%26settings%3DeyJpZCI6MzQxOCwidXJsIjoiaHR0cHM6XC9cL3d3dy5kZWthZ2FsdmFuby5jb21cL3dwLWNvbnRlbnRcL3VwbG9hZHNcLzIwMjNcLzA5XC8yMi1zY2FsZWQuanBnIiwic2xpZGVzaG93IjoiM2VlYTAyOCJ9\">\n\t\t\t\t\t<div class=\"e-gallery-image elementor-gallery-item__image\" data-thumbnail=\"https:\/\/www.dekagalvano.com\/wp-content\/uploads\/2023\/09\/22-scaled-600x700.jpg\" data-width=\"600\" data-height=\"700\" aria-label=\"\u00c7inko Nikel Kaplama Avantajlar\u0131 Nelerdir?\" role=\"img\" ><\/div>\n\t\t\t\t\t\t\t\t\t\t\t<div class=\"elementor-gallery-item__overlay\"><\/div>\n\t\t\t\t\t\t\t\t\t\t\t\t\t\t<\/a>\n\t\t\t\t\t\t\t<a class=\"e-gallery-item elementor-gallery-item elementor-animated-content\" href=\"https:\/\/www.dekagalvano.com\/wp-content\/uploads\/2020\/06\/siyanursuz_alkali_cinko_kaplama.jpg\" data-elementor-open-lightbox=\"yes\" data-elementor-lightbox-slideshow=\"3eea028\" data-elementor-lightbox-title=\"\u00c7inko Kaplama \u0130stanbul\" data-elementor-lightbox-description=\"\u00c7inko Kaplama \u0130stanbul\" data-e-action-hash=\"#elementor-action%3Aaction%3Dlightbox%26settings%3DeyJpZCI6MzQzMSwidXJsIjoiaHR0cHM6XC9cL3d3dy5kZWthZ2FsdmFuby5jb21cL3dwLWNvbnRlbnRcL3VwbG9hZHNcLzIwMjBcLzA2XC9zaXlhbnVyc3V6X2Fsa2FsaV9jaW5rb19rYXBsYW1hLmpwZyIsInNsaWRlc2hvdyI6IjNlZWEwMjgifQ%3D%3D\">\n\t\t\t\t\t<div class=\"e-gallery-image elementor-gallery-item__image\" data-thumbnail=\"https:\/\/www.dekagalvano.com\/wp-content\/uploads\/2020\/06\/siyanursuz_alkali_cinko_kaplama-600x700.jpg\" data-width=\"600\" data-height=\"700\" aria-label=\"\u00c7inko Kaplama \u0130stanbul\" role=\"img\" ><\/div>\n\t\t\t\t\t\t\t\t\t\t\t<div class=\"elementor-gallery-item__overlay\"><\/div>\n\t\t\t\t\t\t\t\t\t\t\t\t\t\t<\/a>\n\t\t\t\t\t\t\t<a class=\"e-gallery-item elementor-gallery-item elementor-animated-content\" href=\"https:\/\/www.dekagalvano.com\/wp-content\/uploads\/2020\/06\/pavisyon_lak_uygulamalari.png\" data-elementor-open-lightbox=\"yes\" data-elementor-lightbox-slideshow=\"3eea028\" data-elementor-lightbox-title=\"Pavisyon_Lak_Uygulamalari\" data-elementor-lightbox-description=\"Pavisyon_Lak_Uygulamalari\" data-e-action-hash=\"#elementor-action%3Aaction%3Dlightbox%26settings%3DeyJpZCI6MzQzOCwidXJsIjoiaHR0cHM6XC9cL3d3dy5kZWthZ2FsdmFuby5jb21cL3dwLWNvbnRlbnRcL3VwbG9hZHNcLzIwMjBcLzA2XC9wYXZpc3lvbl9sYWtfdXlndWxhbWFsYXJpLnBuZyIsInNsaWRlc2hvdyI6IjNlZWEwMjgifQ%3D%3D\">\n\t\t\t\t\t<div class=\"e-gallery-image elementor-gallery-item__image\" data-thumbnail=\"https:\/\/www.dekagalvano.com\/wp-content\/uploads\/2020\/06\/pavisyon_lak_uygulamalari-600x700.png\" data-width=\"600\" data-height=\"700\" aria-label=\"Pavisyon_Lak_Uygulamalari\" role=\"img\" ><\/div>\n\t\t\t\t\t\t\t\t\t\t\t<div class=\"elementor-gallery-item__overlay\"><\/div>\n\t\t\t\t\t\t\t\t\t\t\t\t\t\t<\/a>\n\t\t\t\t\t\t\t<a class=\"e-gallery-item elementor-gallery-item elementor-animated-content\" href=\"https:\/\/www.dekagalvano.com\/wp-content\/uploads\/2023\/09\/labarotuvar_kaplama_deka_galvano_3.png\" data-elementor-open-lightbox=\"yes\" data-elementor-lightbox-slideshow=\"3eea028\" data-elementor-lightbox-title=\"labarotuvar_kaplama_deka_galvano_3\" data-e-action-hash=\"#elementor-action%3Aaction%3Dlightbox%26settings%3DeyJpZCI6MzQ1NCwidXJsIjoiaHR0cHM6XC9cL3d3dy5kZWthZ2FsdmFuby5jb21cL3dwLWNvbnRlbnRcL3VwbG9hZHNcLzIwMjNcLzA5XC9sYWJhcm90dXZhcl9rYXBsYW1hX2Rla2FfZ2FsdmFub18zLnBuZyIsInNsaWRlc2hvdyI6IjNlZWEwMjgifQ%3D%3D\">\n\t\t\t\t\t<div class=\"e-gallery-image elementor-gallery-item__image\" data-thumbnail=\"https:\/\/www.dekagalvano.com\/wp-content\/uploads\/2023\/09\/labarotuvar_kaplama_deka_galvano_3-600x700.png\" data-width=\"600\" data-height=\"700\" aria-label=\"\" role=\"img\" ><\/div>\n\t\t\t\t\t\t\t\t\t\t\t<div class=\"elementor-gallery-item__overlay\"><\/div>\n\t\t\t\t\t\t\t\t\t\t\t\t\t\t<\/a>\n\t\t\t\t\t<\/div>\n\t\t\t\t\t<\/div>\n\t\t\t\t<\/div>\n\t\t\t\t\t<\/div>\n\t\t\t\t<\/div>\n\t\t\t\t\t<\/div>\n\t\t\t\t<\/div>\n\t\t\t\t<\/div>\n\t\t","protected":false},"excerpt":{"rendered":"<p>Our Machinery<\/p>\n","protected":false},"author":1,"featured_media":0,"parent":0,"menu_order":45,"comment_status":"closed","ping_status":"closed","template":"","meta":{"_acf_changed":false,"_joinchat":[],"footnotes":""},"class_list":["post-4013","page","type-page","status-publish","hentry"],"acf":[],"_links":{"self":[{"href":"https:\/\/www.dekagalvano.com\/en\/wp-json\/wp\/v2\/pages\/4013","targetHints":{"allow":["GET"]}}],"collection":[{"href":"https:\/\/www.dekagalvano.com\/en\/wp-json\/wp\/v2\/pages"}],"about":[{"href":"https:\/\/www.dekagalvano.com\/en\/wp-json\/wp\/v2\/types\/page"}],"author":[{"embeddable":true,"href":"https:\/\/www.dekagalvano.com\/en\/wp-json\/wp\/v2\/users\/1"}],"replies":[{"embeddable":true,"href":"https:\/\/www.dekagalvano.com\/en\/wp-json\/wp\/v2\/comments?post=4013"}],"version-history":[{"count":7,"href":"https:\/\/www.dekagalvano.com\/en\/wp-json\/wp\/v2\/pages\/4013\/revisions"}],"predecessor-version":[{"id":4542,"href":"https:\/\/www.dekagalvano.com\/en\/wp-json\/wp\/v2\/pages\/4013\/revisions\/4542"}],"wp:attachment":[{"href":"https:\/\/www.dekagalvano.com\/en\/wp-json\/wp\/v2\/media?parent=4013"}],"curies":[{"name":"wp","href":"https:\/\/api.w.org\/{rel}","templated":true}]}}