{"id":3981,"date":"2023-08-17T14:06:09","date_gmt":"2023-08-17T11:06:09","guid":{"rendered":"https:\/\/www.dekagalvano.com\/yonetim\/"},"modified":"2023-10-09T15:07:24","modified_gmt":"2023-10-09T12:07:24","slug":"management","status":"publish","type":"page","link":"https:\/\/www.dekagalvano.com\/en\/management\/","title":{"rendered":"Management"},"content":{"rendered":"\t\t<div data-elementor-type=\"wp-page\" data-elementor-id=\"3981\" class=\"elementor elementor-3981 elementor-2726\" data-elementor-post-type=\"page\">\n\t\t\t\t<div class=\"elementor-element elementor-element-1bc25d0 e-flex e-con-boxed e-con e-parent\" data-id=\"1bc25d0\" data-element_type=\"container\">\n\t\t\t\t\t<div class=\"e-con-inner\">\n\t\t<div class=\"elementor-element elementor-element-b781108 e-flex e-con-boxed e-con e-child\" data-id=\"b781108\" data-element_type=\"container\">\n\t\t\t\t\t<div class=\"e-con-inner\">\n\t\t\t\t<div class=\"elementor-element elementor-element-41675d0 elementor-widget elementor-widget-heading\" data-id=\"41675d0\" data-element_type=\"widget\" data-widget_type=\"heading.default\">\n\t\t\t\t<div class=\"elementor-widget-container\">\n\t\t\t\t\t<h2 class=\"elementor-heading-title elementor-size-default\">Deka Galvano Technic<\/h2>\t\t\t\t<\/div>\n\t\t\t\t<\/div>\n\t\t\t\t<div class=\"elementor-element elementor-element-524ad40 elementor-widget elementor-widget-heading\" data-id=\"524ad40\" data-element_type=\"widget\" data-widget_type=\"heading.default\">\n\t\t\t\t<div class=\"elementor-widget-container\">\n\t\t\t\t\t<h2 class=\"elementor-heading-title elementor-size-default\">Management<\/h2>\t\t\t\t<\/div>\n\t\t\t\t<\/div>\n\t\t\t\t\t<\/div>\n\t\t\t\t<\/div>\n\t\t\t\t\t<\/div>\n\t\t\t\t<\/div>\n\t\t<div class=\"elementor-element elementor-element-1fa0429 e-flex e-con-boxed elementor-invisible e-con e-parent\" data-id=\"1fa0429\" data-element_type=\"container\" data-settings=\"{&quot;animation&quot;:&quot;fadeIn&quot;}\">\n\t\t\t\t\t<div class=\"e-con-inner\">\n\t\t<div class=\"elementor-element elementor-element-4215d6c e-con-full e-flex e-con e-child\" data-id=\"4215d6c\" data-element_type=\"container\">\n\t\t\t\t<div class=\"elementor-element elementor-element-ff788b4 tstk-img-effect-01 elementor-widget elementor-widget-image\" data-id=\"ff788b4\" data-element_type=\"widget\" data-widget_type=\"image.default\">\n\t\t\t\t<div class=\"elementor-widget-container\">\n\t\t\t\t\t\t\t\t\t\t\t\t\t\t\t<img decoding=\"async\" src=\"https:\/\/www.dekagalvano.com\/wp-content\/uploads\/elementor\/thumbs\/10-scaled-qdgporx0o4sgctbqsla6zy0uetbvzgo2s1kd0o6h4w.jpg\" title=\"Hakan Toy Deka Galvano Genel M\u00fcd\u00fcr\" alt=\"Hakan Toy Deka Galvano Genel M\u00fcd\u00fcr\" loading=\"lazy\" \/>\t\t\t\t\t\t\t\t\t\t\t\t\t\t\t<\/div>\n\t\t\t\t<\/div>\n\t\t\t\t<\/div>\n\t\t<div class=\"elementor-element elementor-element-15870e8 e-con-full e-flex e-con e-child\" data-id=\"15870e8\" data-element_type=\"container\">\n\t\t<div class=\"elementor-element elementor-element-b8acc20 e-flex e-con-boxed e-con e-child\" data-id=\"b8acc20\" data-element_type=\"container\">\n\t\t\t\t\t<div class=\"e-con-inner\">\n\t\t\t\t<div class=\"elementor-element elementor-element-97e3989 elementor-widget elementor-widget-heading\" data-id=\"97e3989\" data-element_type=\"widget\" data-widget_type=\"heading.default\">\n\t\t\t\t<div class=\"elementor-widget-container\">\n\t\t\t\t\t<h2 class=\"elementor-heading-title elementor-size-default\">General Manager<\/h2>\t\t\t\t<\/div>\n\t\t\t\t<\/div>\n\t\t\t\t<div class=\"elementor-element elementor-element-a99c955 elementor-widget elementor-widget-heading\" data-id=\"a99c955\" data-element_type=\"widget\" data-widget_type=\"heading.default\">\n\t\t\t\t<div class=\"elementor-widget-container\">\n\t\t\t\t\t<h2 class=\"elementor-heading-title elementor-size-default\">Hakan Toy<\/h2>\t\t\t\t<\/div>\n\t\t\t\t<\/div>\n\t\t\t\t<div class=\"elementor-element elementor-element-39d63a0 elementor-widget elementor-widget-text-editor\" data-id=\"39d63a0\" data-element_type=\"widget\" data-widget_type=\"text-editor.default\">\n\t\t\t\t<div class=\"elementor-widget-container\">\n\t\t\t\t\t\t\t\t\t<p>Hakan Toy is a successful leader known for his extensive experience, passion for manufacturing, and dedication to the metal industry.<\/p><p>After completing his education, Hakan Toy honed his skills in the industrial coating sector, ultimately taking on a significant role as the General Manager of Deka Galvano.<\/p><p>Thanks to his leadership skills that played a crucial role in the company&#8217;s success and growth, Deka Galvano Technic has become one of the leading firms in the industry.<\/p><p>Hakan Toy has also reflected his interest in technology in his professional life by equipping Deka Galvano Technic with modern technological infrastructure, aiming to provide customers with the highest level of service. With his focus on product quality and customer satisfaction, he has guided the company&#8217;s vision.<\/p>\t\t\t\t\t\t\t\t<\/div>\n\t\t\t\t<\/div>\n\t\t\t\t\t<\/div>\n\t\t\t\t<\/div>\n\t\t\t\t<\/div>\n\t\t\t\t\t<\/div>\n\t\t\t\t<\/div>\n\t\t<div class=\"elementor-element elementor-element-9e60cc8 e-flex e-con-boxed elementor-invisible e-con e-parent\" data-id=\"9e60cc8\" data-element_type=\"container\" data-settings=\"{&quot;animation&quot;:&quot;fadeIn&quot;}\">\n\t\t\t\t\t<div class=\"e-con-inner\">\n\t\t<div class=\"elementor-element elementor-element-e1c7ba8 e-con-full e-flex e-con e-child\" data-id=\"e1c7ba8\" data-element_type=\"container\">\n\t\t<div class=\"elementor-element elementor-element-15d2da8 e-flex e-con-boxed e-con e-child\" data-id=\"15d2da8\" data-element_type=\"container\">\n\t\t\t\t\t<div class=\"e-con-inner\">\n\t\t\t\t<div class=\"elementor-element elementor-element-8bccf8f elementor-widget elementor-widget-heading\" data-id=\"8bccf8f\" data-element_type=\"widget\" data-widget_type=\"heading.default\">\n\t\t\t\t<div class=\"elementor-widget-container\">\n\t\t\t\t\t<h2 class=\"elementor-heading-title elementor-size-default\">Genel M\u00fcd\u00fcr Yard\u0131mc\u0131s\u0131<\/h2>\t\t\t\t<\/div>\n\t\t\t\t<\/div>\n\t\t\t\t<div class=\"elementor-element elementor-element-de4c508 elementor-widget elementor-widget-heading\" data-id=\"de4c508\" data-element_type=\"widget\" data-widget_type=\"heading.default\">\n\t\t\t\t<div class=\"elementor-widget-container\">\n\t\t\t\t\t<h2 class=\"elementor-heading-title elementor-size-default\">O\u011fuzkaan Toy<\/h2>\t\t\t\t<\/div>\n\t\t\t\t<\/div>\n\t\t\t\t<div class=\"elementor-element elementor-element-9516358 elementor-widget elementor-widget-text-editor\" data-id=\"9516358\" data-element_type=\"widget\" data-widget_type=\"text-editor.default\">\n\t\t\t\t<div class=\"elementor-widget-container\">\n\t\t\t\t\t\t\t\t\t<p>O\u011fuzkaan Toy is a young leader known for his visionary approach and deep interest in technology. He graduated in international relations and embarked on his career with enthusiasm at an early age.<\/p><p>As the eldest son of Hakan Toy, he actively plays a role in the management of the leading industrial coating company, Deka Galvano Technic. He shapes the company&#8217;s vision and stands out with innovative ideas and a broad mindset.<\/p><p>His interest in technology motivates O\u011fuzkaan Toy to invest in cutting-edge technologies. He aims to elevate product quality and service standards by integrating his activities with modern technology.<\/p>\t\t\t\t\t\t\t\t<\/div>\n\t\t\t\t<\/div>\n\t\t\t\t\t<\/div>\n\t\t\t\t<\/div>\n\t\t\t\t<\/div>\n\t\t<div class=\"elementor-element elementor-element-12869ac e-con-full e-flex e-con e-child\" data-id=\"12869ac\" data-element_type=\"container\">\n\t\t\t\t<div class=\"elementor-element elementor-element-b64e9e7 tstk-img-effect-01 elementor-widget elementor-widget-image\" data-id=\"b64e9e7\" data-element_type=\"widget\" data-widget_type=\"image.default\">\n\t\t\t\t<div class=\"elementor-widget-container\">\n\t\t\t\t\t\t\t\t\t\t\t\t\t\t\t<img decoding=\"async\" src=\"https:\/\/www.dekagalvano.com\/wp-content\/uploads\/elementor\/thumbs\/21-scaled-e1696522371503-qdgposuuuyt67ty3b10d1byamcr1x9smioq0gzm3x4.jpg\" title=\"O\u011fuzkaan Toy Deka Galvano Genel M\u00fcd\u00fcr Yard\u0131mc\u0131s\u0131\" alt=\"O\u011fuzkaan Toy Deka Galvano Genel M\u00fcd\u00fcr Yard\u0131mc\u0131s\u0131\" loading=\"lazy\" \/>\t\t\t\t\t\t\t\t\t\t\t\t\t\t\t<\/div>\n\t\t\t\t<\/div>\n\t\t\t\t<\/div>\n\t\t\t\t\t<\/div>\n\t\t\t\t<\/div>\n\t\t\t\t<\/div>\n\t\t","protected":false},"excerpt":{"rendered":"<p>Deka Galvano Technic Management General Manager Hakan Toy Hakan Toy is a successful leader known for his extensive experience, passion for manufacturing, and dedication to the metal industry. After completing his education, Hakan Toy honed his skills in the industrial coating sector, ultimately taking on a significant role as the General Manager of Deka Galvano. Thanks to his leadership skills that played a crucial role in the company&#8217;s success and[&hellip;]<\/p>\n","protected":false},"author":1,"featured_media":0,"parent":0,"menu_order":20,"comment_status":"closed","ping_status":"closed","template":"","meta":{"_acf_changed":false,"_joinchat":[],"footnotes":""},"class_list":["post-3981","page","type-page","status-publish","hentry"],"acf":[],"_links":{"self":[{"href":"https:\/\/www.dekagalvano.com\/en\/wp-json\/wp\/v2\/pages\/3981","targetHints":{"allow":["GET"]}}],"collection":[{"href":"https:\/\/www.dekagalvano.com\/en\/wp-json\/wp\/v2\/pages"}],"about":[{"href":"https:\/\/www.dekagalvano.com\/en\/wp-json\/wp\/v2\/types\/page"}],"author":[{"embeddable":true,"href":"https:\/\/www.dekagalvano.com\/en\/wp-json\/wp\/v2\/users\/1"}],"replies":[{"embeddable":true,"href":"https:\/\/www.dekagalvano.com\/en\/wp-json\/wp\/v2\/comments?post=3981"}],"version-history":[{"count":9,"href":"https:\/\/www.dekagalvano.com\/en\/wp-json\/wp\/v2\/pages\/3981\/revisions"}],"predecessor-version":[{"id":4506,"href":"https:\/\/www.dekagalvano.com\/en\/wp-json\/wp\/v2\/pages\/3981\/revisions\/4506"}],"wp:attachment":[{"href":"https:\/\/www.dekagalvano.com\/en\/wp-json\/wp\/v2\/media?parent=3981"}],"curies":[{"name":"wp","href":"https:\/\/api.w.org\/{rel}","templated":true}]}}